{"id":1525,"date":"2020-06-16T05:47:09","date_gmt":"2020-06-16T05:47:09","guid":{"rendered":"https:\/\/buyitcarl.com\/es\/?page_id=1525"},"modified":"2020-09-10T05:54:23","modified_gmt":"2020-09-10T05:54:23","slug":"actualizacion-sobre-el-covid-19","status":"publish","type":"page","link":"https:\/\/buyitcarl.com\/es\/actualizacion-sobre-el-covid-19\/","title":{"rendered":"Actualizaci\u00f3n sobre el COVID-19"},"content":{"rendered":"\n<p>Estamos trabajando duro para hacerle llegar sus pedidos de forma segura y para mantenerle informado sobre los cambios que hemos hecho durante este tiempo.<\/p>\n\n\n\n<p>As\u00ed mismo, estamos trabajando en estrecha colaboraci\u00f3n con nuestros socios de entrega para garantizar que todos los env\u00edos lleguen de forma segura y a tiempo. El bienestar de nuestros clientes es nuestra m\u00e1xima prioridad, y tomamos todas las precauciones necesarias para garantizar la seguridad de los clientes y de los transportistas en estos momentos.<\/p>\n\n\n\n<p>Actualmente, no podemos hacerle llegar su pedido con la misma rapidez que de costumbre. La raz\u00f3n es, por un lado, el aumento de la demanda y, por el otro, el ajuste de nuestra capacidad interna para proteger a nuestros empleados. Para garantizar su seguridad, hemos adoptado medidas adicionales en materia de higiene y salud en nuestro centro log\u00edstico. Por desgracia, esto significa que necesitamos m\u00e1s tiempo de lo habitual para tramitar su pedido. Es por eso que le pedimos que sea comprensivo y le garantizamos que haremos todo lo posible para que reciba su pedido lo antes posible.<\/p>\n\n\n\n<p>Estamos haciendo todo lo que est\u00e1 en nuestras manos para que sus pedidos le lleguen con la mayor rapidez posible, pero sabemos que usted, nuestro querido cliente, ser\u00e1 comprensivo si hay un peque\u00f1o retraso mientras nos adaptamos a la nueva manera de trabajar.<\/p>\n\n\n\n<p>Si tiene cualquier pregunta, nuestro servicio de atenci\u00f3n al cliente est\u00e1 disponible como siempre. Para ponerse en contacto, s\u00f3lo tiene que enviar un correo electr\u00f3nico a <a href=\"mailto:support@buyitcarl.com\">support@buyitcarl.com<\/a>.<\/p>\n","protected":false},"excerpt":{"rendered":"<p>Estamos trabajando duro para hacerle llegar sus pedidos de forma segura y para mantenerle informado sobre los cambios que hemos hecho durante este tiempo. As\u00ed mismo, estamos trabajando en estrecha colaboraci\u00f3n con nuestros socios de entrega para garantizar que todos los env\u00edos lleguen de forma segura y a tiempo. El&#8230;<\/p>\n","protected":false},"author":1,"featured_media":0,"parent":0,"menu_order":0,"comment_status":"closed","ping_status":"closed","template":"","meta":[],"yoast_head":"<!-- This site is optimized with the Yoast SEO plugin v19.13 - https:\/\/yoast.com\/wordpress\/plugins\/seo\/ -->\n<title>Actualizaci\u00f3n sobre el COVID-19 - Buy It Carl Espa\u00f1a<\/title>\n<meta name=\"robots\" content=\"index, follow, max-snippet:-1, max-image-preview:large, max-video-preview:-1\" \/>\n<link rel=\"canonical\" href=\"https:\/\/buyitcarl.com\/es\/actualizacion-sobre-el-covid-19\/\" \/>\n<meta property=\"og:locale\" content=\"es_ES\" \/>\n<meta property=\"og:type\" content=\"article\" \/>\n<meta property=\"og:title\" content=\"Actualizaci\u00f3n sobre el COVID-19 - Buy It Carl Espa\u00f1a\" \/>\n<meta property=\"og:description\" content=\"Estamos trabajando duro para hacerle llegar sus pedidos de forma segura y para mantenerle informado sobre los cambios que hemos hecho durante este tiempo. As\u00ed mismo, estamos trabajando en estrecha colaboraci\u00f3n con nuestros socios de entrega para garantizar que todos los env\u00edos lleguen de forma segura y a tiempo. El...\" \/>\n<meta property=\"og:url\" content=\"https:\/\/buyitcarl.com\/es\/actualizacion-sobre-el-covid-19\/\" \/>\n<meta property=\"og:site_name\" content=\"Buy It Carl Espa\u00f1a\" \/>\n<meta property=\"article:modified_time\" content=\"2020-09-10T05:54:23+00:00\" \/>\n<meta name=\"twitter:card\" content=\"summary_large_image\" \/>\n<meta name=\"twitter:label1\" content=\"Tiempo de lectura\" \/>\n\t<meta name=\"twitter:data1\" content=\"1 minuto\" \/>\n<script type=\"application\/ld+json\" class=\"yoast-schema-graph\">{\"@context\":\"https:\/\/schema.org\",\"@graph\":[{\"@type\":\"WebPage\",\"@id\":\"https:\/\/buyitcarl.com\/es\/actualizacion-sobre-el-covid-19\/\",\"url\":\"https:\/\/buyitcarl.com\/es\/actualizacion-sobre-el-covid-19\/\",\"name\":\"Actualizaci\u00f3n sobre el COVID-19 - Buy It Carl Espa\u00f1a\",\"isPartOf\":{\"@id\":\"https:\/\/buyitcarl.com\/es\/#website\"},\"datePublished\":\"2020-06-16T05:47:09+00:00\",\"dateModified\":\"2020-09-10T05:54:23+00:00\",\"breadcrumb\":{\"@id\":\"https:\/\/buyitcarl.com\/es\/actualizacion-sobre-el-covid-19\/#breadcrumb\"},\"inLanguage\":\"es\",\"potentialAction\":[{\"@type\":\"ReadAction\",\"target\":[\"https:\/\/buyitcarl.com\/es\/actualizacion-sobre-el-covid-19\/\"]}]},{\"@type\":\"BreadcrumbList\",\"@id\":\"https:\/\/buyitcarl.com\/es\/actualizacion-sobre-el-covid-19\/#breadcrumb\",\"itemListElement\":[{\"@type\":\"ListItem\",\"position\":1,\"name\":\"Portada\",\"item\":\"https:\/\/buyitcarl.com\/es\/\"},{\"@type\":\"ListItem\",\"position\":2,\"name\":\"Actualizaci\u00f3n sobre el COVID-19\"}]},{\"@type\":\"WebSite\",\"@id\":\"https:\/\/buyitcarl.com\/es\/#website\",\"url\":\"https:\/\/buyitcarl.com\/es\/\",\"name\":\"Buy It Carl Espa\u00f1a\",\"description\":\"\",\"potentialAction\":[{\"@type\":\"SearchAction\",\"target\":{\"@type\":\"EntryPoint\",\"urlTemplate\":\"https:\/\/buyitcarl.com\/es\/?s={search_term_string}\"},\"query-input\":\"required name=search_term_string\"}],\"inLanguage\":\"es\"}]}<\/script>\n<!-- \/ Yoast SEO plugin. -->","yoast_head_json":{"title":"Actualizaci\u00f3n sobre el COVID-19 - Buy It Carl Espa\u00f1a","robots":{"index":"index","follow":"follow","max-snippet":"max-snippet:-1","max-image-preview":"max-image-preview:large","max-video-preview":"max-video-preview:-1"},"canonical":"https:\/\/buyitcarl.com\/es\/actualizacion-sobre-el-covid-19\/","og_locale":"es_ES","og_type":"article","og_title":"Actualizaci\u00f3n sobre el COVID-19 - Buy It Carl Espa\u00f1a","og_description":"Estamos trabajando duro para hacerle llegar sus pedidos de forma segura y para mantenerle informado sobre los cambios que hemos hecho durante este tiempo. As\u00ed mismo, estamos trabajando en estrecha colaboraci\u00f3n con nuestros socios de entrega para garantizar que todos los env\u00edos lleguen de forma segura y a tiempo. El...","og_url":"https:\/\/buyitcarl.com\/es\/actualizacion-sobre-el-covid-19\/","og_site_name":"Buy It Carl Espa\u00f1a","article_modified_time":"2020-09-10T05:54:23+00:00","twitter_card":"summary_large_image","twitter_misc":{"Tiempo de lectura":"1 minuto"},"schema":{"@context":"https:\/\/schema.org","@graph":[{"@type":"WebPage","@id":"https:\/\/buyitcarl.com\/es\/actualizacion-sobre-el-covid-19\/","url":"https:\/\/buyitcarl.com\/es\/actualizacion-sobre-el-covid-19\/","name":"Actualizaci\u00f3n sobre el COVID-19 - Buy It Carl Espa\u00f1a","isPartOf":{"@id":"https:\/\/buyitcarl.com\/es\/#website"},"datePublished":"2020-06-16T05:47:09+00:00","dateModified":"2020-09-10T05:54:23+00:00","breadcrumb":{"@id":"https:\/\/buyitcarl.com\/es\/actualizacion-sobre-el-covid-19\/#breadcrumb"},"inLanguage":"es","potentialAction":[{"@type":"ReadAction","target":["https:\/\/buyitcarl.com\/es\/actualizacion-sobre-el-covid-19\/"]}]},{"@type":"BreadcrumbList","@id":"https:\/\/buyitcarl.com\/es\/actualizacion-sobre-el-covid-19\/#breadcrumb","itemListElement":[{"@type":"ListItem","position":1,"name":"Portada","item":"https:\/\/buyitcarl.com\/es\/"},{"@type":"ListItem","position":2,"name":"Actualizaci\u00f3n sobre el COVID-19"}]},{"@type":"WebSite","@id":"https:\/\/buyitcarl.com\/es\/#website","url":"https:\/\/buyitcarl.com\/es\/","name":"Buy It Carl Espa\u00f1a","description":"","potentialAction":[{"@type":"SearchAction","target":{"@type":"EntryPoint","urlTemplate":"https:\/\/buyitcarl.com\/es\/?s={search_term_string}"},"query-input":"required name=search_term_string"}],"inLanguage":"es"}]}},"_links":{"self":[{"href":"https:\/\/buyitcarl.com\/es\/wp-json\/wp\/v2\/pages\/1525"}],"collection":[{"href":"https:\/\/buyitcarl.com\/es\/wp-json\/wp\/v2\/pages"}],"about":[{"href":"https:\/\/buyitcarl.com\/es\/wp-json\/wp\/v2\/types\/page"}],"author":[{"embeddable":true,"href":"https:\/\/buyitcarl.com\/es\/wp-json\/wp\/v2\/users\/1"}],"replies":[{"embeddable":true,"href":"https:\/\/buyitcarl.com\/es\/wp-json\/wp\/v2\/comments?post=1525"}],"version-history":[{"count":2,"href":"https:\/\/buyitcarl.com\/es\/wp-json\/wp\/v2\/pages\/1525\/revisions"}],"predecessor-version":[{"id":5258,"href":"https:\/\/buyitcarl.com\/es\/wp-json\/wp\/v2\/pages\/1525\/revisions\/5258"}],"wp:attachment":[{"href":"https:\/\/buyitcarl.com\/es\/wp-json\/wp\/v2\/media?parent=1525"}],"curies":[{"name":"wp","href":"https:\/\/api.w.org\/{rel}","templated":true}]}}