{"id":1479,"date":"2020-06-12T04:12:37","date_gmt":"2020-06-12T04:12:37","guid":{"rendered":"https:\/\/buyitcarl.com\/es\/shipping-delivery\/"},"modified":"2020-07-09T09:18:41","modified_gmt":"2020-07-09T09:18:41","slug":"shipping-delivery","status":"publish","type":"page","link":"https:\/\/buyitcarl.com\/es\/shipping-delivery\/","title":{"rendered":"Env\u00edo y Entrega"},"content":{"rendered":"<div class=\"shipping-page-content-with-icons\">\n<div class=\"shipping-page-item\">\n<div class=\"shipping-page-item__image\">\n\n<\/div>\n<div class=\"shipping-page-item__text\">\n<h3>Env\u00edo gratuito<\/h3>\n<p>Nos complace brindar a nuestros clientes un gran valor y servicio. Es por eso que proporcionamos env\u00edos gratuitos desde nuestros almacenes en China por ePacket o EMS y en EE.UU. por USPS.<\/p>\n<\/div>\n<\/div>\n<div class=\"shipping-page-item\">\n<div class=\"shipping-page-item__image\">\n\n<\/div>\n<div class=\"shipping-page-item__text\">\n<h3>Env\u00edo a m\u00e1s de 200 pa\u00edses<\/h3>\n<p>Estamos orgullosos de ofrecer servicios de env\u00edo internacional. Sin embargo, hay algunos lugares a los que no podemos enviar. Si est\u00e1s de uno de esos pa\u00edses, nos pondremos en contacto contigo.<\/p>\n<\/div>\n<\/div>\n<div class=\"shipping-page-item\">\n<div class=\"shipping-page-item__image\">\n\n<\/div>\n<div class=\"shipping-page-item__text\">\n<h3>Aduana<\/h3>\n<p>No somos responsables de ninguna tarifa personalizada una vez que se hayan enviado los art\u00edculos. Al comprar nuestros productos, usted acepta que se le env\u00eden uno o m\u00e1s paquetes y que reciba tarifas personalizadas cuando lleguen a su pa\u00eds.<\/p>\n<\/div>\n<\/div>\n<div class=\"shipping-page-item\">\n<div class=\"shipping-page-item__image\">\n\n<\/div>\n<div class=\"shipping-page-item__text\">\n<h3>Tiempo de env\u00edo<\/h3>\n<p>El tiempo de env\u00edo var\u00eda seg\u00fan la ubicaci\u00f3n. Estas son nuestras estimaciones:<\/p>\n<div class=\"table-responsive\">\n<table class=\"table table-striped\">\n<tbody>\n<tr>\n<td>Ubicaci\u00f3n<\/td>\n<td>*Tiempo estimado de env\u00edo<\/td>\n<\/tr>\n<tr>\n<td>Estados Unidos<\/td>\n<td>10-20 D\u00edas h\u00e1biles<\/td>\n<\/tr>\n<tr>\n<td>Canad\u00e1, Europa<\/td>\n<td>10-20 D\u00edas h\u00e1biles<\/td>\n<\/tr>\n<tr>\n<td>Australia, Nueva Zelanda<\/td>\n<td>10-30 D\u00edas h\u00e1biles<\/td>\n<\/tr>\n<tr>\n<td>Am\u00e9rica Central y del Sur<\/td>\n<td>15-30 D\u00edas h\u00e1biles<\/td>\n<\/tr>\n<tr>\n<td>Asia<\/td>\n<td>10-20 D\u00edas h\u00e1biles<\/td>\n<\/tr>\n<tr>\n<td>\u00c1frica<\/td>\n<td>15-45 D\u00edas h\u00e1biles<\/td>\n<\/tr>\n<\/tbody>\n<\/table>\n<div class=\"info-no-italic\">Tiempo m\u00e1ximo de entrega: 45 d\u00edas h\u00e1biles.<\/div>\n<p><span class=\"info\">*Esto no incluye nuestro tiempo de procesamiento de 2 a 5 d\u00edas.<\/span><\/p>\n<\/div>\n<\/div>\n<\/div>\n<div class=\"shipping-page-item\">\n<div class=\"shipping-page-item__image\">\n\n<\/div>\n<div class=\"shipping-page-item__text\">\n<h3>Informaci\u00f3n de seguimiento<\/h3>\n<p><span style=\"font-weight: 400;\">Recibir\u00e1s un mensaje por correo electr\u00f3nico <\/span> con un n\u00famero de seguimiento una vez que se env\u00ede tu pedido, pero a veces debido al env\u00edo gratuito, el seguimiento no est\u00e1 disponible. Por razones log\u00edsticas, los art\u00edculos de la misma compra pueden enviarse en paquetes separados, incluso si has especificado el env\u00edo combinado.<\/p>\n<p>Si tienes alguna otra pregunta, <span style=\"font-weight: 400;\">cont\u00e1ctanos <\/span>y haremos todo lo posible para <span style=\"font-weight: 400;\">ayudarte<\/span>.<\/p>\n<\/div>\n<\/div>\n<\/div>\n","protected":false},"excerpt":{"rendered":"<p>Env\u00edo gratuito Nos complace brindar a nuestros clientes un gran valor y servicio. Es por eso que proporcionamos env\u00edos gratuitos desde nuestros almacenes en China por ePacket o EMS y en EE.UU. por USPS. Env\u00edo a m\u00e1s de 200 pa\u00edses Estamos orgullosos de ofrecer servicios de env\u00edo internacional. Sin embargo,&#8230;<\/p>\n","protected":false},"author":1,"featured_media":0,"parent":0,"menu_order":0,"comment_status":"closed","ping_status":"closed","template":"","meta":[],"yoast_head":"<!-- This site is optimized with the Yoast SEO plugin v19.13 - https:\/\/yoast.com\/wordpress\/plugins\/seo\/ -->\n<title>Env\u00edo y Entrega - Buy It Carl Espa\u00f1a<\/title>\n<meta name=\"robots\" content=\"index, follow, max-snippet:-1, max-image-preview:large, max-video-preview:-1\" \/>\n<link rel=\"canonical\" href=\"https:\/\/buyitcarl.com\/es\/shipping-delivery\/\" \/>\n<meta property=\"og:locale\" content=\"es_ES\" \/>\n<meta property=\"og:type\" content=\"article\" \/>\n<meta property=\"og:title\" content=\"Env\u00edo y Entrega - Buy It Carl Espa\u00f1a\" \/>\n<meta property=\"og:description\" content=\"Env\u00edo gratuito Nos complace brindar a nuestros clientes un gran valor y servicio. Es por eso que proporcionamos env\u00edos gratuitos desde nuestros almacenes en China por ePacket o EMS y en EE.UU. por USPS. Env\u00edo a m\u00e1s de 200 pa\u00edses Estamos orgullosos de ofrecer servicios de env\u00edo internacional. Sin embargo,...\" \/>\n<meta property=\"og:url\" content=\"https:\/\/buyitcarl.com\/es\/shipping-delivery\/\" \/>\n<meta property=\"og:site_name\" content=\"Buy It Carl Espa\u00f1a\" \/>\n<meta property=\"article:modified_time\" content=\"2020-07-09T09:18:41+00:00\" \/>\n<meta name=\"twitter:card\" content=\"summary_large_image\" \/>\n<meta name=\"twitter:label1\" content=\"Tiempo de lectura\" \/>\n\t<meta name=\"twitter:data1\" content=\"2 minutos\" \/>\n<script type=\"application\/ld+json\" class=\"yoast-schema-graph\">{\"@context\":\"https:\/\/schema.org\",\"@graph\":[{\"@type\":\"WebPage\",\"@id\":\"https:\/\/buyitcarl.com\/es\/shipping-delivery\/\",\"url\":\"https:\/\/buyitcarl.com\/es\/shipping-delivery\/\",\"name\":\"Env\u00edo y Entrega - Buy It Carl Espa\u00f1a\",\"isPartOf\":{\"@id\":\"https:\/\/buyitcarl.com\/es\/#website\"},\"datePublished\":\"2020-06-12T04:12:37+00:00\",\"dateModified\":\"2020-07-09T09:18:41+00:00\",\"breadcrumb\":{\"@id\":\"https:\/\/buyitcarl.com\/es\/shipping-delivery\/#breadcrumb\"},\"inLanguage\":\"es\",\"potentialAction\":[{\"@type\":\"ReadAction\",\"target\":[\"https:\/\/buyitcarl.com\/es\/shipping-delivery\/\"]}]},{\"@type\":\"BreadcrumbList\",\"@id\":\"https:\/\/buyitcarl.com\/es\/shipping-delivery\/#breadcrumb\",\"itemListElement\":[{\"@type\":\"ListItem\",\"position\":1,\"name\":\"Portada\",\"item\":\"https:\/\/buyitcarl.com\/es\/\"},{\"@type\":\"ListItem\",\"position\":2,\"name\":\"Env\u00edo y Entrega\"}]},{\"@type\":\"WebSite\",\"@id\":\"https:\/\/buyitcarl.com\/es\/#website\",\"url\":\"https:\/\/buyitcarl.com\/es\/\",\"name\":\"Buy It Carl Espa\u00f1a\",\"description\":\"\",\"potentialAction\":[{\"@type\":\"SearchAction\",\"target\":{\"@type\":\"EntryPoint\",\"urlTemplate\":\"https:\/\/buyitcarl.com\/es\/?s={search_term_string}\"},\"query-input\":\"required name=search_term_string\"}],\"inLanguage\":\"es\"}]}<\/script>\n<!-- \/ Yoast SEO plugin. -->","yoast_head_json":{"title":"Env\u00edo y Entrega - Buy It Carl Espa\u00f1a","robots":{"index":"index","follow":"follow","max-snippet":"max-snippet:-1","max-image-preview":"max-image-preview:large","max-video-preview":"max-video-preview:-1"},"canonical":"https:\/\/buyitcarl.com\/es\/shipping-delivery\/","og_locale":"es_ES","og_type":"article","og_title":"Env\u00edo y Entrega - Buy It Carl Espa\u00f1a","og_description":"Env\u00edo gratuito Nos complace brindar a nuestros clientes un gran valor y servicio. Es por eso que proporcionamos env\u00edos gratuitos desde nuestros almacenes en China por ePacket o EMS y en EE.UU. por USPS. Env\u00edo a m\u00e1s de 200 pa\u00edses Estamos orgullosos de ofrecer servicios de env\u00edo internacional. Sin embargo,...","og_url":"https:\/\/buyitcarl.com\/es\/shipping-delivery\/","og_site_name":"Buy It Carl Espa\u00f1a","article_modified_time":"2020-07-09T09:18:41+00:00","twitter_card":"summary_large_image","twitter_misc":{"Tiempo de lectura":"2 minutos"},"schema":{"@context":"https:\/\/schema.org","@graph":[{"@type":"WebPage","@id":"https:\/\/buyitcarl.com\/es\/shipping-delivery\/","url":"https:\/\/buyitcarl.com\/es\/shipping-delivery\/","name":"Env\u00edo y Entrega - Buy It Carl Espa\u00f1a","isPartOf":{"@id":"https:\/\/buyitcarl.com\/es\/#website"},"datePublished":"2020-06-12T04:12:37+00:00","dateModified":"2020-07-09T09:18:41+00:00","breadcrumb":{"@id":"https:\/\/buyitcarl.com\/es\/shipping-delivery\/#breadcrumb"},"inLanguage":"es","potentialAction":[{"@type":"ReadAction","target":["https:\/\/buyitcarl.com\/es\/shipping-delivery\/"]}]},{"@type":"BreadcrumbList","@id":"https:\/\/buyitcarl.com\/es\/shipping-delivery\/#breadcrumb","itemListElement":[{"@type":"ListItem","position":1,"name":"Portada","item":"https:\/\/buyitcarl.com\/es\/"},{"@type":"ListItem","position":2,"name":"Env\u00edo y Entrega"}]},{"@type":"WebSite","@id":"https:\/\/buyitcarl.com\/es\/#website","url":"https:\/\/buyitcarl.com\/es\/","name":"Buy It Carl Espa\u00f1a","description":"","potentialAction":[{"@type":"SearchAction","target":{"@type":"EntryPoint","urlTemplate":"https:\/\/buyitcarl.com\/es\/?s={search_term_string}"},"query-input":"required name=search_term_string"}],"inLanguage":"es"}]}},"_links":{"self":[{"href":"https:\/\/buyitcarl.com\/es\/wp-json\/wp\/v2\/pages\/1479"}],"collection":[{"href":"https:\/\/buyitcarl.com\/es\/wp-json\/wp\/v2\/pages"}],"about":[{"href":"https:\/\/buyitcarl.com\/es\/wp-json\/wp\/v2\/types\/page"}],"author":[{"embeddable":true,"href":"https:\/\/buyitcarl.com\/es\/wp-json\/wp\/v2\/users\/1"}],"replies":[{"embeddable":true,"href":"https:\/\/buyitcarl.com\/es\/wp-json\/wp\/v2\/comments?post=1479"}],"version-history":[{"count":2,"href":"https:\/\/buyitcarl.com\/es\/wp-json\/wp\/v2\/pages\/1479\/revisions"}],"predecessor-version":[{"id":5242,"href":"https:\/\/buyitcarl.com\/es\/wp-json\/wp\/v2\/pages\/1479\/revisions\/5242"}],"wp:attachment":[{"href":"https:\/\/buyitcarl.com\/es\/wp-json\/wp\/v2\/media?parent=1479"}],"curies":[{"name":"wp","href":"https:\/\/api.w.org\/{rel}","templated":true}]}}