{"id":1461,"date":"2020-05-12T09:02:41","date_gmt":"2020-05-12T09:02:41","guid":{"rendered":"https:\/\/buyitcarl.com\/de\/?page_id=1461"},"modified":"2020-09-10T04:44:41","modified_gmt":"2020-09-10T04:44:41","slug":"covid-19","status":"publish","type":"page","link":"https:\/\/buyitcarl.com\/de\/covid-19\/","title":{"rendered":"COVID-19"},"content":{"rendered":"\n<p>Wir arbeiten hart daran, Ihnen Ihre Bestellungen sicher zukommen zu lassen und halten Sie \u00fcber die \u00c4nderungen auf dem Laufenden, die wir in dieser Zeit vorgenommen haben.<br><br>Wir arbeiten eng mit unseren Lieferpartnern zusammen, um sicherzustellen, dass alle Lieferungen sicher und p\u00fcnktlich ankommen. Das Wohlergehen unserer Kunden hat oberste Priorit\u00e4t, und es werden alle notwendigen Vorkehrungen getroffen, um die Sicherheit sowohl der Kunden als auch der Kuriere w\u00e4hrend dieser Zeit zu gew\u00e4hrleisten.<br><br>Wir sind derzeit nicht in der Lage, Ihre Bestellung innerhalb der gewohnten Lieferzeit zu versenden. Der Grund daf\u00fcr liegt zum einen in der derzeit erh\u00f6hten Nachfrage und zum anderen in der Anpassung unserer internen Kapazit\u00e4ten zum Schutz der Mitarbeiter. Um ihre Sicherheit zu gew\u00e4hrleisten, f\u00fchren wir in unserem Logistikzentrum zus\u00e4tzliche Gesundheits- und Hygienema\u00dfnahmen durch. Leider bedeutet dies, dass wir f\u00fcr die Bearbeitung Ihrer Bestellung derzeit l\u00e4nger brauchen, als Sie es gewohnt sind. Wir bitten daher um Ihr Verst\u00e4ndnis und versichern Ihnen, dass wir alles tun werden, damit Sie Ihre Bestellung so schnell wie m\u00f6glich erhalten.<br><br>Wir tun alles, um sicherzustellen, dass Ihre Bestellungen so schnell wie m\u00f6glich bei Ihnen ankommen, aber wir wissen, dass Sie, unsere lieben Kunden, verstehen werden, wenn es eine kleine Verz\u00f6gerung gibt, w\u00e4hrend wir uns an neue Arbeitsweisen gew\u00f6hnen.<br><br>Sollten Sie Fragen haben, so steht Ihnen unser Kundenbetreuungsteam wie immer jederzeit zur Verf\u00fcgung. Sie k\u00f6nnen sie per E-Mail erreichen, unter <a href=\"mailto:support@buyitcarl.com\">support@buyitcarl.com<\/a>.<\/p>\n","protected":false},"excerpt":{"rendered":"<p>Wir arbeiten hart daran, Ihnen Ihre Bestellungen sicher zukommen zu lassen und halten Sie \u00fcber die \u00c4nderungen auf dem Laufenden, die wir in dieser Zeit vorgenommen haben. Wir arbeiten eng mit unseren Lieferpartnern zusammen, um sicherzustellen, dass alle Lieferungen sicher und p\u00fcnktlich ankommen. Das Wohlergehen unserer Kunden hat oberste Priorit\u00e4t,&#8230;<\/p>\n","protected":false},"author":1,"featured_media":0,"parent":0,"menu_order":0,"comment_status":"closed","ping_status":"closed","template":"","meta":[],"yoast_head":"<!-- This site is optimized with the Yoast SEO plugin v15.9 - https:\/\/yoast.com\/wordpress\/plugins\/seo\/ -->\n<meta name=\"robots\" content=\"index, follow, max-snippet:-1, max-image-preview:large, max-video-preview:-1\" \/>\n<link rel=\"canonical\" href=\"https:\/\/buyitcarl.com\/de\/covid-19\/\" \/>\n<meta property=\"og:locale\" content=\"de_DE\" \/>\n<meta property=\"og:type\" content=\"article\" \/>\n<meta property=\"og:title\" content=\"COVID-19 - Buy It Carl Deutschland\" \/>\n<meta property=\"og:description\" content=\"Wir arbeiten hart daran, Ihnen Ihre Bestellungen sicher zukommen zu lassen und halten Sie \u00fcber die \u00c4nderungen auf dem Laufenden, die wir in dieser Zeit vorgenommen haben. Wir arbeiten eng mit unseren Lieferpartnern zusammen, um sicherzustellen, dass alle Lieferungen sicher und p\u00fcnktlich ankommen. Das Wohlergehen unserer Kunden hat oberste Priorit\u00e4t,...\" \/>\n<meta property=\"og:url\" content=\"https:\/\/buyitcarl.com\/de\/covid-19\/\" \/>\n<meta property=\"og:site_name\" content=\"Buy It Carl Deutschland\" \/>\n<meta property=\"article:modified_time\" content=\"2020-09-10T04:44:41+00:00\" \/>\n<meta name=\"twitter:card\" content=\"summary_large_image\" \/>\n<meta name=\"twitter:label1\" content=\"Gesch\u00e4tzte Lesezeit\">\n\t<meta name=\"twitter:data1\" content=\"1\u00a0Minute\">\n<script type=\"application\/ld+json\" class=\"yoast-schema-graph\">{\"@context\":\"https:\/\/schema.org\",\"@graph\":[{\"@type\":\"Organization\",\"@id\":\"https:\/\/buyitcarl.com\/de\/#organization\",\"name\":\"Buy It Carl Deutschland\",\"url\":\"https:\/\/buyitcarl.com\/de\/\",\"sameAs\":[],\"logo\":{\"@type\":\"ImageObject\",\"@id\":\"https:\/\/buyitcarl.com\/de\/#logo\",\"inLanguage\":\"de\",\"url\":\"https:\/\/buyitcarl.com\/de\/wp-content\/uploads\/2020\/05\/buyitcarl_deutschland.svg\",\"caption\":\"Buy It Carl Deutschland\"},\"image\":{\"@id\":\"https:\/\/buyitcarl.com\/de\/#logo\"}},{\"@type\":\"WebSite\",\"@id\":\"https:\/\/buyitcarl.com\/de\/#website\",\"url\":\"https:\/\/buyitcarl.com\/de\/\",\"name\":\"Buy It Carl Deutschland\",\"description\":\"\",\"publisher\":{\"@id\":\"https:\/\/buyitcarl.com\/de\/#organization\"},\"potentialAction\":[{\"@type\":\"SearchAction\",\"target\":\"https:\/\/buyitcarl.com\/de\/?s={search_term_string}\",\"query-input\":\"required name=search_term_string\"}],\"inLanguage\":\"de\"},{\"@type\":\"WebPage\",\"@id\":\"https:\/\/buyitcarl.com\/de\/covid-19\/#webpage\",\"url\":\"https:\/\/buyitcarl.com\/de\/covid-19\/\",\"name\":\"COVID-19 - Buy It Carl Deutschland\",\"isPartOf\":{\"@id\":\"https:\/\/buyitcarl.com\/de\/#website\"},\"datePublished\":\"2020-05-12T09:02:41+00:00\",\"dateModified\":\"2020-09-10T04:44:41+00:00\",\"breadcrumb\":{\"@id\":\"https:\/\/buyitcarl.com\/de\/covid-19\/#breadcrumb\"},\"inLanguage\":\"de\",\"potentialAction\":[{\"@type\":\"ReadAction\",\"target\":[\"https:\/\/buyitcarl.com\/de\/covid-19\/\"]}]},{\"@type\":\"BreadcrumbList\",\"@id\":\"https:\/\/buyitcarl.com\/de\/covid-19\/#breadcrumb\",\"itemListElement\":[{\"@type\":\"ListItem\",\"position\":1,\"item\":{\"@type\":\"WebPage\",\"@id\":\"https:\/\/buyitcarl.com\/de\/\",\"url\":\"https:\/\/buyitcarl.com\/de\/\",\"name\":\"Startseite\"}},{\"@type\":\"ListItem\",\"position\":2,\"item\":{\"@type\":\"WebPage\",\"@id\":\"https:\/\/buyitcarl.com\/de\/covid-19\/\",\"url\":\"https:\/\/buyitcarl.com\/de\/covid-19\/\",\"name\":\"COVID-19\"}}]}]}<\/script>\n<!-- \/ Yoast SEO plugin. -->","_links":{"self":[{"href":"https:\/\/buyitcarl.com\/de\/wp-json\/wp\/v2\/pages\/1461"}],"collection":[{"href":"https:\/\/buyitcarl.com\/de\/wp-json\/wp\/v2\/pages"}],"about":[{"href":"https:\/\/buyitcarl.com\/de\/wp-json\/wp\/v2\/types\/page"}],"author":[{"embeddable":true,"href":"https:\/\/buyitcarl.com\/de\/wp-json\/wp\/v2\/users\/1"}],"replies":[{"embeddable":true,"href":"https:\/\/buyitcarl.com\/de\/wp-json\/wp\/v2\/comments?post=1461"}],"version-history":[{"count":3,"href":"https:\/\/buyitcarl.com\/de\/wp-json\/wp\/v2\/pages\/1461\/revisions"}],"predecessor-version":[{"id":5032,"href":"https:\/\/buyitcarl.com\/de\/wp-json\/wp\/v2\/pages\/1461\/revisions\/5032"}],"wp:attachment":[{"href":"https:\/\/buyitcarl.com\/de\/wp-json\/wp\/v2\/media?parent=1461"}],"curies":[{"name":"wp","href":"https:\/\/api.w.org\/{rel}","templated":true}]}}