{"id":1245,"date":"2020-01-28T15:23:53","date_gmt":"2020-01-28T15:23:53","guid":{"rendered":"https:\/\/buyitcarl.com\/de\/refund-policy\/"},"modified":"2020-05-04T07:12:58","modified_gmt":"2020-05-04T07:12:58","slug":"refund-policy","status":"publish","type":"page","link":"https:\/\/buyitcarl.com\/de\/refund-policy\/","title":{"rendered":"R\u00fcckgaberecht"},"content":{"rendered":"<h3>Bestellstornierung<\/h3>\n<p>Alle Bestellungen k\u00f6nnen bis zum Versand storniert werden. Wenn Ihre Bestellung bezahlt wurde und Sie sie \u00e4ndern oder stornieren m\u00fcssen, m\u00fcssen Sie uns innerhalb von 12 Stunden kontaktieren. Sobald der Verpackungs- und Versandvorgang begonnen hat, kann er nicht mehr storniert werden.<\/p>\n<h3>R\u00fcckerstattungen<\/h3>\n<p>Ihre Zufriedenheit ist unsere oberste Priorit\u00e4t. Sie k\u00f6nnen deshalb eine R\u00fcckerstattung oder R\u00fccksendung bestellter Produkte beantragen, wenn:<\/p>\n<ul>\n<li>Sie haben die Artikel nicht innerhalb der garantierten Zeit erhalten (45 Tage ohne Bearbeitung von 2-5 Tagen)<\/li>\n<li>Sie haben den falschen Artikel erhalten<\/li>\n<li>Sie m\u00f6chten das Produkt, das Sie erhalten haben nicht behalten (Sie m\u00fcssen den Artikel auf Ihre Kosten zur\u00fcckschicken und der Artikel muss unbenutzt sein)<\/li>\n<\/ul>\n<p>Wir machen <b>nicht<\/b> R\u00fcckerstattung, wenn:<\/p>\n<ul>\n<li>Ihre Bestellung kommt aufgrund von Faktoren in Ihrem Einflussbereich an (z. B. Angabe der falschen Lieferadresse) nicht.<\/li>\n<li>Ihre Bestellung kommt aufgrund au\u00dfergew\u00f6hnlicher Umst\u00e4nde an, die au\u00dferhalb unserer Kontrolle liegen (z. B. nicht vom Zoll freigegeben, durch Naturkatastrophen verz\u00f6gert) nicht.<\/li>\n<\/ul>\n<p class=\"info\">\n    *Sie k\u00f6nnen innerhalb von 15 Tagen nach Ablauf der garantierten Lieferfrist (45 Tage) Erstattungsantr\u00e4ge stellen. Sie k\u00f6nnen dies tun, indem Sie uns eine Nachricht senden.&nbsp;<a href=\"https:\/\/buyitcarl.com\/de\/contact-us\/\">Kontaktieren Sie uns<\/a>&nbsp;Seite.<\/p>\n","protected":false},"excerpt":{"rendered":"<p>Bestellstornierung Alle Bestellungen k\u00f6nnen bis zum Versand storniert werden. Wenn Ihre Bestellung bezahlt wurde und Sie sie \u00e4ndern oder stornieren m\u00fcssen, m\u00fcssen Sie uns innerhalb von 12 Stunden kontaktieren. Sobald der Verpackungs- und Versandvorgang begonnen hat, kann er nicht mehr storniert werden. R\u00fcckerstattungen Ihre Zufriedenheit ist unsere oberste Priorit\u00e4t. Sie&#8230;<\/p>\n","protected":false},"author":1,"featured_media":0,"parent":0,"menu_order":0,"comment_status":"closed","ping_status":"closed","template":"","meta":[],"yoast_head":"<!-- This site is optimized with the Yoast SEO plugin v15.9 - https:\/\/yoast.com\/wordpress\/plugins\/seo\/ -->\n<meta name=\"robots\" content=\"index, follow, max-snippet:-1, max-image-preview:large, max-video-preview:-1\" \/>\n<link rel=\"canonical\" href=\"https:\/\/buyitcarl.com\/de\/refund-policy\/\" \/>\n<meta property=\"og:locale\" content=\"de_DE\" \/>\n<meta property=\"og:type\" content=\"article\" \/>\n<meta property=\"og:title\" content=\"R\u00fcckgaberecht - Buy It Carl Deutschland\" \/>\n<meta property=\"og:description\" content=\"Bestellstornierung Alle Bestellungen k\u00f6nnen bis zum Versand storniert werden. Wenn Ihre Bestellung bezahlt wurde und Sie sie \u00e4ndern oder stornieren m\u00fcssen, m\u00fcssen Sie uns innerhalb von 12 Stunden kontaktieren. Sobald der Verpackungs- und Versandvorgang begonnen hat, kann er nicht mehr storniert werden. R\u00fcckerstattungen Ihre Zufriedenheit ist unsere oberste Priorit\u00e4t. Sie...\" \/>\n<meta property=\"og:url\" content=\"https:\/\/buyitcarl.com\/de\/refund-policy\/\" \/>\n<meta property=\"og:site_name\" content=\"Buy It Carl Deutschland\" \/>\n<meta property=\"article:modified_time\" content=\"2020-05-04T07:12:58+00:00\" \/>\n<meta name=\"twitter:card\" content=\"summary_large_image\" \/>\n<meta name=\"twitter:label1\" content=\"Gesch\u00e4tzte Lesezeit\">\n\t<meta name=\"twitter:data1\" content=\"1\u00a0Minute\">\n<script type=\"application\/ld+json\" class=\"yoast-schema-graph\">{\"@context\":\"https:\/\/schema.org\",\"@graph\":[{\"@type\":\"Organization\",\"@id\":\"https:\/\/buyitcarl.com\/de\/#organization\",\"name\":\"Buy It Carl Deutschland\",\"url\":\"https:\/\/buyitcarl.com\/de\/\",\"sameAs\":[],\"logo\":{\"@type\":\"ImageObject\",\"@id\":\"https:\/\/buyitcarl.com\/de\/#logo\",\"inLanguage\":\"de\",\"url\":\"https:\/\/buyitcarl.com\/de\/wp-content\/uploads\/2020\/05\/buyitcarl_deutschland.svg\",\"caption\":\"Buy It Carl Deutschland\"},\"image\":{\"@id\":\"https:\/\/buyitcarl.com\/de\/#logo\"}},{\"@type\":\"WebSite\",\"@id\":\"https:\/\/buyitcarl.com\/de\/#website\",\"url\":\"https:\/\/buyitcarl.com\/de\/\",\"name\":\"Buy It Carl Deutschland\",\"description\":\"\",\"publisher\":{\"@id\":\"https:\/\/buyitcarl.com\/de\/#organization\"},\"potentialAction\":[{\"@type\":\"SearchAction\",\"target\":\"https:\/\/buyitcarl.com\/de\/?s={search_term_string}\",\"query-input\":\"required name=search_term_string\"}],\"inLanguage\":\"de\"},{\"@type\":\"WebPage\",\"@id\":\"https:\/\/buyitcarl.com\/de\/refund-policy\/#webpage\",\"url\":\"https:\/\/buyitcarl.com\/de\/refund-policy\/\",\"name\":\"R\\u00fcckgaberecht - Buy It Carl Deutschland\",\"isPartOf\":{\"@id\":\"https:\/\/buyitcarl.com\/de\/#website\"},\"datePublished\":\"2020-01-28T15:23:53+00:00\",\"dateModified\":\"2020-05-04T07:12:58+00:00\",\"breadcrumb\":{\"@id\":\"https:\/\/buyitcarl.com\/de\/refund-policy\/#breadcrumb\"},\"inLanguage\":\"de\",\"potentialAction\":[{\"@type\":\"ReadAction\",\"target\":[\"https:\/\/buyitcarl.com\/de\/refund-policy\/\"]}]},{\"@type\":\"BreadcrumbList\",\"@id\":\"https:\/\/buyitcarl.com\/de\/refund-policy\/#breadcrumb\",\"itemListElement\":[{\"@type\":\"ListItem\",\"position\":1,\"item\":{\"@type\":\"WebPage\",\"@id\":\"https:\/\/buyitcarl.com\/de\/\",\"url\":\"https:\/\/buyitcarl.com\/de\/\",\"name\":\"Startseite\"}},{\"@type\":\"ListItem\",\"position\":2,\"item\":{\"@type\":\"WebPage\",\"@id\":\"https:\/\/buyitcarl.com\/de\/refund-policy\/\",\"url\":\"https:\/\/buyitcarl.com\/de\/refund-policy\/\",\"name\":\"R\\u00fcckgaberecht\"}}]}]}<\/script>\n<!-- \/ Yoast SEO plugin. -->","_links":{"self":[{"href":"https:\/\/buyitcarl.com\/de\/wp-json\/wp\/v2\/pages\/1245"}],"collection":[{"href":"https:\/\/buyitcarl.com\/de\/wp-json\/wp\/v2\/pages"}],"about":[{"href":"https:\/\/buyitcarl.com\/de\/wp-json\/wp\/v2\/types\/page"}],"author":[{"embeddable":true,"href":"https:\/\/buyitcarl.com\/de\/wp-json\/wp\/v2\/users\/1"}],"replies":[{"embeddable":true,"href":"https:\/\/buyitcarl.com\/de\/wp-json\/wp\/v2\/comments?post=1245"}],"version-history":[{"count":1,"href":"https:\/\/buyitcarl.com\/de\/wp-json\/wp\/v2\/pages\/1245\/revisions"}],"predecessor-version":[{"id":1436,"href":"https:\/\/buyitcarl.com\/de\/wp-json\/wp\/v2\/pages\/1245\/revisions\/1436"}],"wp:attachment":[{"href":"https:\/\/buyitcarl.com\/de\/wp-json\/wp\/v2\/media?parent=1245"}],"curies":[{"name":"wp","href":"https:\/\/api.w.org\/{rel}","templated":true}]}}