{"id":1244,"date":"2020-01-28T15:23:53","date_gmt":"2020-01-28T15:23:53","guid":{"rendered":"https:\/\/buyitcarl.com\/de\/terms-and-conditions\/"},"modified":"2020-07-03T05:09:21","modified_gmt":"2020-07-03T05:09:21","slug":"terms-and-conditions","status":"publish","type":"page","link":"https:\/\/buyitcarl.com\/de\/terms-and-conditions\/","title":{"rendered":"Gesch\u00e4ftsbedingungen"},"content":{"rendered":"<p>Wir erbringen f\u00fcr Sie Dienstleistungen gem\u00e4\u00df den in dieser Vereinbarung festgelegten Hinweisen, Bedingungen und Bedingungen. Dar\u00fcber hinaus werden Sie die f\u00fcr solche Dienste geltenden Regeln, Richtlinien, Richtlinien, Bedingungen und Bedingungen einhalten, bevor Sie sie verwenden. Wir behalten uns das Recht vor, diese Webseite und diese Allgemeinen Gesch\u00e4ftsbedingungen jederzeit zu \u00e4ndern.<\/p>\n<p>Bevor Sie fortfahren, lesen Sie bitte diese Vereinbarung, da der Zugriff auf die Webseite, das Durchsuchen oder die anderweitige Nutzung der Webseite Ihre Zustimmung zu allen Bedingungen und Konditionen in dieser Vereinbarung bedeuten.<\/p>\n<p>Sie d\u00fcrfen \u00fcber diese Seite keine Inhalte, Informationen oder anderes Material hochladen, verteilen oder anderweitig ver\u00f6ffentlichen, das (a) Fehler, Viren, W\u00fcrmer, Fallt\u00fcren, trojanische Pferde oder andere sch\u00e4dliche Codes oder Eigenschaften enth\u00e4lt. (b) beleidigend, drohend, diffamierend, obsz\u00f6n, unanst\u00e4ndig, pornografisch oder diskriminierend ist oder eine zivil- oder strafrechtliche Haftung nach den Gesetzen der USA oder nach den Gesetzen eines anderen Landes ausl\u00f6sen k\u00f6nnte; oder (c) die Urheberrechte, Patente, Marken, Dienstleistungsmarken, Gesch\u00e4ftsgeheimnisse oder andere Eigentumsrechte von Personen verletzen oder verletzen. <a href=\"https:\/\/buyitcarl.com\/de\/\">buyitcarl.com<\/a> gibt Ihnen m\u00f6glicherweise ein Konto und ein Kennwort, um auf bestimmte Teile dieser Webseite zugreifen und diese verwenden zu k\u00f6nnen. Jedes Mal, wenn Sie ein Passwort oder eine Identifikation verwenden, gelten Sie als befugt, auf die Webseite zuzugreifen und diese gem\u00e4\u00df den Bedingungen dieser Vereinbarung zu nutzen <a href=\"https:\/\/buyitcarl.com\/de\/\">buyitcarl.com<\/a>\u00a0ist nicht verpflichtet, die Quelle eines solchen Zugriffs oder einer solchen Nutzung der Webseite zu untersuchen.<\/p>\n<p>Indem Sie diese Nutzungsbedingungen durch Ihre Nutzung der Webseite akzeptieren, best\u00e4tigen Sie, dass Sie mindestens 18 Jahre alt sind. Wenn Sie unter 18 Jahre alt sind, nutzen Sie diese Webseite bitte nur unter Aufsicht eines Erziehungsberechtigten. Vorbehaltlich der Bedingungen dieser Vereinbarung gew\u00e4hrt Ihnen hiermit eine eingeschr\u00e4nkte, widerrufliche, nicht \u00fcbertragbare und nicht ausschlie\u00dfliche Lizenz f\u00fcr den Zugriff auf die Webseite und deren Nutzung, indem sie in Ihrem Internetbrowser nur zum Zwecke des Einkaufs angezeigt wird und nicht f\u00fcr alle Kommerzielle Nutzung oder Verwendung im Namen Dritter, sofern dies nicht ausdr\u00fccklich gestattet ist <a href=\"https:\/\/buyitcarl.com\/de\/\">buyitcarl.com<\/a>\u00a0im Voraus. Jeder Versto\u00df gegen diese Vereinbarung f\u00fchrt zum sofortigen Widerruf der in diesem Absatz erteilten Lizenz ohne vorherige Benachrichtigung.<\/p>\n<p>Sofern nicht ausdr\u00fccklich von unserem Unternehmen im Voraus ausdr\u00fccklich genehmigt, sind alle Materialien, einschlie\u00dflich Bilder, Texte, Illustrationen, Designs, Symbole, Fotografien, Programme, Musikclips oder Downloads, Videoclips und schriftliches und sonstiges Material, das Teil dieser Webseite ist (zusammenfassend die &#8222;Inhalte\u201c) sind ausschlie\u00dflich f\u00fcr den pers\u00f6nlichen, nicht kommerziellen Gebrauch bestimmt. Sie d\u00fcrfen keine der auf der Seite bereitgestellten Informationen kommerziell nutzen oder die Seite zu Gunsten eines anderen Unternehmens nutzen. Wir behalten uns das Recht vor, Serviceleistungen abzulehnen, Konten zu k\u00fcndigen und\/oder Bestellungen nach eigenem Ermessen zu stornieren. Dies gilt auch, wenn wir der Meinung sind, dass das Verhalten des Kunden gegen geltende Gesetze verst\u00f6\u00dft oder unseren Interessen schadet. Sie d\u00fcrfen diese Webseite oder Teile davon nicht reproduzieren, verteilen, anzeigen, verkaufen, \u00fcbertragen, \u00fcbertragen, abgeleitete Werke erstellen, \u00fcbersetzen, modifizieren, zur\u00fcckentwickeln, disassemblieren, dekompilieren oder anderweitig nutzen, es sei denn, unser Unternehmen hat dies ausdr\u00fccklich schriftlich genehmigt .<\/p>\n<p>Sie tragen die alleinige Verantwortung f\u00fcr den gesamten Zugriff und die Nutzung dieser Webseite durch alle Personen, die das urspr\u00fcnglich Ihnen zugewiesene Passwort und die angegebene Identifikation verwenden, unabh\u00e4ngig davon, ob der Zugriff auf diese Webseite und deren Verwendung tats\u00e4chlich von Ihnen autorisiert sind, einschlie\u00dflich aller Kommunikationen und \u00dcbertragungen und alle Verpflichtungen (einschlie\u00dflich finanzieller Verpflichtungen), die durch einen solchen Zugriff oder eine solche Nutzung entstehen. Sie sind allein daf\u00fcr verantwortlich, die Sicherheit und Vertraulichkeit des Ihnen zugewiesenen Passworts und der Identifikation zu gew\u00e4hrleisten. Sie m\u00fcssen sofort benachrichtigen <a href=\"https:\/\/buyitcarl.com\/de\/\">buyitcarl.com<\/a>\u00a0jeglicher unerlaubten Verwendung Ihres Passworts oder Ihrer Identifikation oder eines anderen Versto\u00dfes oder eines drohenden Versto\u00dfes gegen die Sicherheit dieser Webseite.<\/p>\n","protected":false},"excerpt":{"rendered":"<p>Wir erbringen f\u00fcr Sie Dienstleistungen gem\u00e4\u00df den in dieser Vereinbarung festgelegten Hinweisen, Bedingungen und Bedingungen. Dar\u00fcber hinaus werden Sie die f\u00fcr solche Dienste geltenden Regeln, Richtlinien, Richtlinien, Bedingungen und Bedingungen einhalten, bevor Sie sie verwenden. Wir behalten uns das Recht vor, diese Webseite und diese Allgemeinen Gesch\u00e4ftsbedingungen jederzeit zu \u00e4ndern&#8230;.<\/p>\n","protected":false},"author":1,"featured_media":0,"parent":0,"menu_order":0,"comment_status":"closed","ping_status":"closed","template":"","meta":[],"yoast_head":"<!-- This site is optimized with the Yoast SEO plugin v15.9 - https:\/\/yoast.com\/wordpress\/plugins\/seo\/ -->\n<meta name=\"robots\" content=\"index, follow, max-snippet:-1, max-image-preview:large, max-video-preview:-1\" \/>\n<link rel=\"canonical\" href=\"https:\/\/buyitcarl.com\/de\/terms-and-conditions\/\" \/>\n<meta property=\"og:locale\" content=\"de_DE\" \/>\n<meta property=\"og:type\" content=\"article\" \/>\n<meta property=\"og:title\" content=\"Gesch\u00e4ftsbedingungen - Buy It Carl Deutschland\" \/>\n<meta property=\"og:description\" content=\"Wir erbringen f\u00fcr Sie Dienstleistungen gem\u00e4\u00df den in dieser Vereinbarung festgelegten Hinweisen, Bedingungen und Bedingungen. Dar\u00fcber hinaus werden Sie die f\u00fcr solche Dienste geltenden Regeln, Richtlinien, Richtlinien, Bedingungen und Bedingungen einhalten, bevor Sie sie verwenden. Wir behalten uns das Recht vor, diese Webseite und diese Allgemeinen Gesch\u00e4ftsbedingungen jederzeit zu \u00e4ndern....\" \/>\n<meta property=\"og:url\" content=\"https:\/\/buyitcarl.com\/de\/terms-and-conditions\/\" \/>\n<meta property=\"og:site_name\" content=\"Buy It Carl Deutschland\" \/>\n<meta property=\"article:modified_time\" content=\"2020-07-03T05:09:21+00:00\" \/>\n<meta name=\"twitter:card\" content=\"summary_large_image\" \/>\n<meta name=\"twitter:label1\" content=\"Gesch\u00e4tzte Lesezeit\">\n\t<meta name=\"twitter:data1\" content=\"3\u00a0Minuten\">\n<script type=\"application\/ld+json\" class=\"yoast-schema-graph\">{\"@context\":\"https:\/\/schema.org\",\"@graph\":[{\"@type\":\"Organization\",\"@id\":\"https:\/\/buyitcarl.com\/de\/#organization\",\"name\":\"Buy It Carl Deutschland\",\"url\":\"https:\/\/buyitcarl.com\/de\/\",\"sameAs\":[],\"logo\":{\"@type\":\"ImageObject\",\"@id\":\"https:\/\/buyitcarl.com\/de\/#logo\",\"inLanguage\":\"de\",\"url\":\"https:\/\/buyitcarl.com\/de\/wp-content\/uploads\/2020\/05\/buyitcarl_deutschland.svg\",\"caption\":\"Buy It Carl Deutschland\"},\"image\":{\"@id\":\"https:\/\/buyitcarl.com\/de\/#logo\"}},{\"@type\":\"WebSite\",\"@id\":\"https:\/\/buyitcarl.com\/de\/#website\",\"url\":\"https:\/\/buyitcarl.com\/de\/\",\"name\":\"Buy It Carl Deutschland\",\"description\":\"\",\"publisher\":{\"@id\":\"https:\/\/buyitcarl.com\/de\/#organization\"},\"potentialAction\":[{\"@type\":\"SearchAction\",\"target\":\"https:\/\/buyitcarl.com\/de\/?s={search_term_string}\",\"query-input\":\"required name=search_term_string\"}],\"inLanguage\":\"de\"},{\"@type\":\"WebPage\",\"@id\":\"https:\/\/buyitcarl.com\/de\/terms-and-conditions\/#webpage\",\"url\":\"https:\/\/buyitcarl.com\/de\/terms-and-conditions\/\",\"name\":\"Gesch\\u00e4ftsbedingungen - Buy It Carl Deutschland\",\"isPartOf\":{\"@id\":\"https:\/\/buyitcarl.com\/de\/#website\"},\"datePublished\":\"2020-01-28T15:23:53+00:00\",\"dateModified\":\"2020-07-03T05:09:21+00:00\",\"breadcrumb\":{\"@id\":\"https:\/\/buyitcarl.com\/de\/terms-and-conditions\/#breadcrumb\"},\"inLanguage\":\"de\",\"potentialAction\":[{\"@type\":\"ReadAction\",\"target\":[\"https:\/\/buyitcarl.com\/de\/terms-and-conditions\/\"]}]},{\"@type\":\"BreadcrumbList\",\"@id\":\"https:\/\/buyitcarl.com\/de\/terms-and-conditions\/#breadcrumb\",\"itemListElement\":[{\"@type\":\"ListItem\",\"position\":1,\"item\":{\"@type\":\"WebPage\",\"@id\":\"https:\/\/buyitcarl.com\/de\/\",\"url\":\"https:\/\/buyitcarl.com\/de\/\",\"name\":\"Startseite\"}},{\"@type\":\"ListItem\",\"position\":2,\"item\":{\"@type\":\"WebPage\",\"@id\":\"https:\/\/buyitcarl.com\/de\/terms-and-conditions\/\",\"url\":\"https:\/\/buyitcarl.com\/de\/terms-and-conditions\/\",\"name\":\"Gesch\\u00e4ftsbedingungen\"}}]}]}<\/script>\n<!-- \/ Yoast SEO plugin. -->","_links":{"self":[{"href":"https:\/\/buyitcarl.com\/de\/wp-json\/wp\/v2\/pages\/1244"}],"collection":[{"href":"https:\/\/buyitcarl.com\/de\/wp-json\/wp\/v2\/pages"}],"about":[{"href":"https:\/\/buyitcarl.com\/de\/wp-json\/wp\/v2\/types\/page"}],"author":[{"embeddable":true,"href":"https:\/\/buyitcarl.com\/de\/wp-json\/wp\/v2\/users\/1"}],"replies":[{"embeddable":true,"href":"https:\/\/buyitcarl.com\/de\/wp-json\/wp\/v2\/comments?post=1244"}],"version-history":[{"count":3,"href":"https:\/\/buyitcarl.com\/de\/wp-json\/wp\/v2\/pages\/1244\/revisions"}],"predecessor-version":[{"id":5015,"href":"https:\/\/buyitcarl.com\/de\/wp-json\/wp\/v2\/pages\/1244\/revisions\/5015"}],"wp:attachment":[{"href":"https:\/\/buyitcarl.com\/de\/wp-json\/wp\/v2\/media?parent=1244"}],"curies":[{"name":"wp","href":"https:\/\/api.w.org\/{rel}","templated":true}]}}