{"id":1243,"date":"2020-01-28T15:23:53","date_gmt":"2020-01-28T15:23:53","guid":{"rendered":"https:\/\/buyitcarl.com\/de\/privacy-policy\/"},"modified":"2020-09-10T04:45:05","modified_gmt":"2020-09-10T04:45:05","slug":"privacy-policy","status":"publish","type":"page","link":"https:\/\/buyitcarl.com\/de\/privacy-policy\/","title":{"rendered":"Datenschutzbestimmungen"},"content":{"rendered":"<p>Diese Internetseite entspricht der Allgemeinen Datenschutzverordnung (DSGVO) (EU) 2016\/679.<\/p>\n<p>Das bedeutet, dass wir offenlegen, wie wir die pers\u00f6nlichen Daten der Besucher verfolgen und verwenden, und Sie k\u00f6nnen nachpr\u00fcfen, was genau wir damit tun.<\/p>\n<p>Wir sammeln:<\/p>\n<ul>\n<li>Ihr Vor- und Nachname<\/li>\n<li>Ihre E-Mail-Adresse<\/li>\n<li>Ihre physische Adresse<\/li>\n<li>Deine Telefonnummer<\/li>\n<li>Die Daten \u00fcber den Browser und das Ger\u00e4t, die Sie zum Anzeigen des Shops verwenden<\/li>\n<li>So navigieren Sie im Shop<\/li>\n<\/ul>\n<p>Wir erfassen Ihre Kontaktdaten, da diese erforderlich sind, um Ihre Bestellungen anzunehmen und zu bearbeiten, und um sicherzustellen, dass Sie Ihre Pakete erhalten haben.<\/p>\n<p>Wir erfassen die Details Ihrer technischen Ausr\u00fcstung und das Verhalten vor Ort, um unseren Shop benutzerfreundlicher zu gestalten und unsere Store-Services f\u00fcr Sie zu personalisieren (z. B. um den Store automatisch auf die mobile Version umzustellen.)<\/p>\n<p>Unser Gesch\u00e4ft arbeitet mit externen Unternehmen zusammen, die uns dabei helfen, den besten Service f\u00fcr Sie bereitzustellen, und diese Dritten verwenden auch einige der pers\u00f6nlichen Daten, die Sie hinterlassen. Wir beschr\u00e4nken die Daten, auf die sie zugreifen k\u00f6nnen, nur auf das, was sie zur Erf\u00fcllung ihrer Verpflichtungen ben\u00f6tigen<\/p>\n<ul>\n<li>Zahlungsdienste verwenden Ihre Kreditkartennummer, Ihren Vor- und Nachnamen, um Ihre Zahlungen f\u00fcr unsere Produkte zu \u00fcberpr\u00fcfen und zu verarbeiten<\/li>\n<li>Unsere Hersteller und Lagerhalter verwenden die Daten Ihres Bestellinhaltes, um das erforderliche Paket f\u00fcr Sie zusammenzustellen<\/li>\n<li>Postdienste verwenden Ihren Vornamen, Nachnamen und Ihre physische Adresse, um die Produktlieferung f\u00fcr Sie zu arrangieren<\/li>\n<li>Massenmailing-Dienste verwenden Ihre E-Mail-Adresse, um Ihnen E-Mails zu senden (sofern Sie diese abonniert haben)<\/li>\n<\/ul>\n<p>Wenn Sie nach dem Lesen dieser Datenschutzrichtlinie unseren Webstore weiter durchsuchen, stimmen Sie uns zu, dass wir Ihre pers\u00f6nlichen Daten zu den oben erl\u00e4uterten Zwecken zu verwenden.<\/p>\n<p>Wenn Sie diesen Bedingungen nicht zustimmen, verlassen Sie bitte die Webseite.<\/p>\n<p>Sie k\u00f6nnen uns eine E-Mail an support@buyitcarl.com und fragen:<\/p>\n<ul>\n<li>Um eine Kopie Ihrer pers\u00f6nlichen Daten zu erhalten, haben wir sie gesammelt<\/li>\n<li>Um Ihre pers\u00f6nlichen Daten aus unserem System zu l\u00f6schen<\/li>\n<li>Widerruf Ihrer Einwilligung (wenn Sie zuvor bereit waren, uns die Daten zur Verf\u00fcgung zu stellen, Ihre Meinung jedoch ge\u00e4ndert haben)<\/li>\n<\/ul>\n<p>Wir tun unser Bestes, um die Sicherheit Ihrer pers\u00f6nlichen Daten, w\u00e4hrend sie gespeichert und verwendet werden, zu gew\u00e4hrleisten.<\/p>\n<p>Danke f\u00fcr Ihre Kooperation!<\/p>\n","protected":false},"excerpt":{"rendered":"<p>Diese Internetseite entspricht der Allgemeinen Datenschutzverordnung (DSGVO) (EU) 2016\/679. Das bedeutet, dass wir offenlegen, wie wir die pers\u00f6nlichen Daten der Besucher verfolgen und verwenden, und Sie k\u00f6nnen nachpr\u00fcfen, was genau wir damit tun. Wir sammeln: Ihr Vor- und Nachname Ihre E-Mail-Adresse Ihre physische Adresse Deine Telefonnummer Die Daten \u00fcber den&#8230;<\/p>\n","protected":false},"author":1,"featured_media":0,"parent":0,"menu_order":0,"comment_status":"closed","ping_status":"closed","template":"","meta":[],"yoast_head":"<!-- This site is optimized with the Yoast SEO plugin v15.9 - https:\/\/yoast.com\/wordpress\/plugins\/seo\/ -->\n<meta name=\"robots\" content=\"index, follow, max-snippet:-1, max-image-preview:large, max-video-preview:-1\" \/>\n<link rel=\"canonical\" href=\"https:\/\/buyitcarl.com\/de\/privacy-policy\/\" \/>\n<meta property=\"og:locale\" content=\"de_DE\" \/>\n<meta property=\"og:type\" content=\"article\" \/>\n<meta property=\"og:title\" content=\"Datenschutzbestimmungen - Buy It Carl Deutschland\" \/>\n<meta property=\"og:description\" content=\"Diese Internetseite entspricht der Allgemeinen Datenschutzverordnung (DSGVO) (EU) 2016\/679. Das bedeutet, dass wir offenlegen, wie wir die pers\u00f6nlichen Daten der Besucher verfolgen und verwenden, und Sie k\u00f6nnen nachpr\u00fcfen, was genau wir damit tun. Wir sammeln: Ihr Vor- und Nachname Ihre E-Mail-Adresse Ihre physische Adresse Deine Telefonnummer Die Daten \u00fcber den...\" \/>\n<meta property=\"og:url\" content=\"https:\/\/buyitcarl.com\/de\/privacy-policy\/\" \/>\n<meta property=\"og:site_name\" content=\"Buy It Carl Deutschland\" \/>\n<meta property=\"article:modified_time\" content=\"2020-09-10T04:45:05+00:00\" \/>\n<meta name=\"twitter:card\" content=\"summary_large_image\" \/>\n<meta name=\"twitter:label1\" content=\"Gesch\u00e4tzte Lesezeit\">\n\t<meta name=\"twitter:data1\" content=\"2\u00a0Minuten\">\n<script type=\"application\/ld+json\" class=\"yoast-schema-graph\">{\"@context\":\"https:\/\/schema.org\",\"@graph\":[{\"@type\":\"Organization\",\"@id\":\"https:\/\/buyitcarl.com\/de\/#organization\",\"name\":\"Buy It Carl Deutschland\",\"url\":\"https:\/\/buyitcarl.com\/de\/\",\"sameAs\":[],\"logo\":{\"@type\":\"ImageObject\",\"@id\":\"https:\/\/buyitcarl.com\/de\/#logo\",\"inLanguage\":\"de\",\"url\":\"https:\/\/buyitcarl.com\/de\/wp-content\/uploads\/2020\/05\/buyitcarl_deutschland.svg\",\"caption\":\"Buy It Carl Deutschland\"},\"image\":{\"@id\":\"https:\/\/buyitcarl.com\/de\/#logo\"}},{\"@type\":\"WebSite\",\"@id\":\"https:\/\/buyitcarl.com\/de\/#website\",\"url\":\"https:\/\/buyitcarl.com\/de\/\",\"name\":\"Buy It Carl Deutschland\",\"description\":\"\",\"publisher\":{\"@id\":\"https:\/\/buyitcarl.com\/de\/#organization\"},\"potentialAction\":[{\"@type\":\"SearchAction\",\"target\":\"https:\/\/buyitcarl.com\/de\/?s={search_term_string}\",\"query-input\":\"required name=search_term_string\"}],\"inLanguage\":\"de\"},{\"@type\":\"WebPage\",\"@id\":\"https:\/\/buyitcarl.com\/de\/privacy-policy\/#webpage\",\"url\":\"https:\/\/buyitcarl.com\/de\/privacy-policy\/\",\"name\":\"Datenschutzbestimmungen - Buy It Carl Deutschland\",\"isPartOf\":{\"@id\":\"https:\/\/buyitcarl.com\/de\/#website\"},\"datePublished\":\"2020-01-28T15:23:53+00:00\",\"dateModified\":\"2020-09-10T04:45:05+00:00\",\"breadcrumb\":{\"@id\":\"https:\/\/buyitcarl.com\/de\/privacy-policy\/#breadcrumb\"},\"inLanguage\":\"de\",\"potentialAction\":[{\"@type\":\"ReadAction\",\"target\":[\"https:\/\/buyitcarl.com\/de\/privacy-policy\/\"]}]},{\"@type\":\"BreadcrumbList\",\"@id\":\"https:\/\/buyitcarl.com\/de\/privacy-policy\/#breadcrumb\",\"itemListElement\":[{\"@type\":\"ListItem\",\"position\":1,\"item\":{\"@type\":\"WebPage\",\"@id\":\"https:\/\/buyitcarl.com\/de\/\",\"url\":\"https:\/\/buyitcarl.com\/de\/\",\"name\":\"Startseite\"}},{\"@type\":\"ListItem\",\"position\":2,\"item\":{\"@type\":\"WebPage\",\"@id\":\"https:\/\/buyitcarl.com\/de\/privacy-policy\/\",\"url\":\"https:\/\/buyitcarl.com\/de\/privacy-policy\/\",\"name\":\"Datenschutzbestimmungen\"}}]}]}<\/script>\n<!-- \/ Yoast SEO plugin. -->","_links":{"self":[{"href":"https:\/\/buyitcarl.com\/de\/wp-json\/wp\/v2\/pages\/1243"}],"collection":[{"href":"https:\/\/buyitcarl.com\/de\/wp-json\/wp\/v2\/pages"}],"about":[{"href":"https:\/\/buyitcarl.com\/de\/wp-json\/wp\/v2\/types\/page"}],"author":[{"embeddable":true,"href":"https:\/\/buyitcarl.com\/de\/wp-json\/wp\/v2\/users\/1"}],"replies":[{"embeddable":true,"href":"https:\/\/buyitcarl.com\/de\/wp-json\/wp\/v2\/comments?post=1243"}],"version-history":[{"count":6,"href":"https:\/\/buyitcarl.com\/de\/wp-json\/wp\/v2\/pages\/1243\/revisions"}],"predecessor-version":[{"id":5033,"href":"https:\/\/buyitcarl.com\/de\/wp-json\/wp\/v2\/pages\/1243\/revisions\/5033"}],"wp:attachment":[{"href":"https:\/\/buyitcarl.com\/de\/wp-json\/wp\/v2\/media?parent=1243"}],"curies":[{"name":"wp","href":"https:\/\/api.w.org\/{rel}","templated":true}]}}