{"id":1240,"date":"2020-01-28T15:23:53","date_gmt":"2020-01-28T15:23:53","guid":{"rendered":"https:\/\/buyitcarl.com\/de\/shipping-delivery\/"},"modified":"2020-01-28T15:23:53","modified_gmt":"2020-01-28T15:23:53","slug":"shipping-delivery","status":"publish","type":"page","link":"https:\/\/buyitcarl.com\/de\/shipping-delivery\/","title":{"rendered":"Versand &#038; Lieferung"},"content":{"rendered":"<div class=\"shipping-page-content-with-icons\">\n<div class=\"shipping-page-item\">\n<div class=\"shipping-page-item__image\">\n<\/div>\n<div class=\"shipping-page-item__text\">\n<h3>KOSTENLOSER VERSAND<\/h3>\n<p>Wir freuen uns, unseren Kunden einen hohen Wert und Service bieten zu k\u00f6nnen. Deshalb bieten wir den kostenlosen Versand aus unseren Lagern in China per ePacket oder EMS und in den USA per USPS an.<\/p>\n<\/p><\/div>\n<\/p><\/div>\n<div class=\"shipping-page-item\">\n<div class=\"shipping-page-item__image\">\n<\/div>\n<div class=\"shipping-page-item__text\">\n<h3>VERSAND IN \u00dcBER 200 L\u00c4NDER<\/h3>\n<p>Wir sind stolz darauf, internationale Versandservices anzubieten. Es gibt jedoch einige Standorte, an die wir nicht versenden k\u00f6nnen. Wenn Sie aus einem dieser L\u00e4nder stammen, werden wir Sie kontaktieren.<\/p>\n<\/p><\/div>\n<\/p><\/div>\n<div class=\"shipping-page-item\">\n<div class=\"shipping-page-item__image\">\n<\/div>\n<div class=\"shipping-page-item__text\">\n<h3>ZOLL<\/h3>\n<p>Wir sind nicht f\u00fcr eventuelle Zollgeb\u00fchren verantwortlich, sobald die Artikel versandt wurden. Durch den Kauf unserer Produkte erkl\u00e4ren Sie sich damit einverstanden, dass ein oder mehrere Pakete an Sie versandt werden und bei Ankunft in Ihrem Land benutzerdefinierte Geb\u00fchren entstehen.<\/p>\n<\/p><\/div>\n<\/p><\/div>\n<div class=\"shipping-page-item\">\n<div class=\"shipping-page-item__image\">\n<\/div>\n<div class=\"shipping-page-item__text\">\n<h3>LIEFERDAUER<\/h3>\n<p>Die Lieferzeit variiert je nach Standort. Dies sind unsere Sch\u00e4tzungen:<\/p>\n<div class=\"table-responsive\">\n<table class=\"table table-striped\">\n<thead>\n<tr>\n<th>Ort<\/th>\n<th>*Voraussichtliche Lieferzeit<\/th>\n<\/tr>\n<\/thead>\n<tr>\n<td>Vereinigte Staaten<\/td>\n<td>10-20 Arbeitstage<\/td>\n<\/tr>\n<tr>\n<td>Kanada, Europa<\/td>\n<td>10-20 Arbeitstage<\/td>\n<\/tr>\n<tr>\n<td>Australien, Neuseeland<\/td>\n<td>10-30 Arbeitstage<\/td>\n<\/tr>\n<tr>\n<td>Mittel- und S\u00fcdamerika<\/td>\n<td>15-30 Arbeitstage<\/td>\n<\/tr>\n<tr>\n<td>Asien<\/td>\n<td>10-20 Arbeitstage<\/td>\n<\/tr>\n<tr>\n<td>Afrika<\/td>\n<td>15-45 Arbeitstage<\/td>\n<\/tr>\n<\/table>\n<div class=\"info-no-italic\">Maximale Lieferzeit &#8211; 45 Werktage.<\/div>\n<p>                <span class=\"info\">*Dies beinhaltet nicht die Bearbeitungszeit von 2 bis 5 Tagen.<\/span>\n            <\/div>\n<\/p><\/div>\n<\/p><\/div>\n<div class=\"shipping-page-item\">\n<div class=\"shipping-page-item__image\">\n<\/div>\n<div class=\"shipping-page-item__text\">\n<h3>TRACKING INFORMATIONEN<\/h3>\n<p>Sie erhalten eine E-Mail mit einer Trackingnummer, sobald Ihre Bestellung versandt wurde. Manchmal ist die Sendungsverfolgung jedoch nicht verf\u00fcgbar. Aus logistischen Gr\u00fcnden k\u00f6nnen Artikel in derselben Bestellung auch dann in separaten Paketen verschickt werden, wenn Sie den kombinierten Versand angegeben haben.<\/p>\n<p>Wenn Sie weitere Fragen haben, wenden Sie sich bitte an uns, und wir werden unser Bestes tun, um Ihnen zu helfen.<\/p>\n<\/p><\/div>\n<\/p><\/div>\n<\/div>\n","protected":false},"excerpt":{"rendered":"<p>KOSTENLOSER VERSAND Wir freuen uns, unseren Kunden einen hohen Wert und Service bieten zu k\u00f6nnen. Deshalb bieten wir den kostenlosen Versand aus unseren Lagern in China per ePacket oder EMS und in den USA per USPS an. VERSAND IN \u00dcBER 200 L\u00c4NDER Wir sind stolz darauf, internationale Versandservices anzubieten. Es&#8230;<\/p>\n","protected":false},"author":1,"featured_media":0,"parent":0,"menu_order":0,"comment_status":"closed","ping_status":"closed","template":"","meta":[],"yoast_head":"<!-- This site is optimized with the Yoast SEO plugin v15.9 - https:\/\/yoast.com\/wordpress\/plugins\/seo\/ -->\n<meta name=\"robots\" content=\"index, follow, max-snippet:-1, max-image-preview:large, max-video-preview:-1\" \/>\n<link rel=\"canonical\" href=\"https:\/\/buyitcarl.com\/de\/shipping-delivery\/\" \/>\n<meta property=\"og:locale\" content=\"de_DE\" \/>\n<meta property=\"og:type\" content=\"article\" \/>\n<meta property=\"og:title\" content=\"Versand &amp; Lieferung - Buy It Carl Deutschland\" \/>\n<meta property=\"og:description\" content=\"KOSTENLOSER VERSAND Wir freuen uns, unseren Kunden einen hohen Wert und Service bieten zu k\u00f6nnen. Deshalb bieten wir den kostenlosen Versand aus unseren Lagern in China per ePacket oder EMS und in den USA per USPS an. VERSAND IN \u00dcBER 200 L\u00c4NDER Wir sind stolz darauf, internationale Versandservices anzubieten. Es...\" \/>\n<meta property=\"og:url\" content=\"https:\/\/buyitcarl.com\/de\/shipping-delivery\/\" \/>\n<meta property=\"og:site_name\" content=\"Buy It Carl Deutschland\" \/>\n<meta name=\"twitter:card\" content=\"summary_large_image\" \/>\n<meta name=\"twitter:label1\" content=\"Gesch\u00e4tzte Lesezeit\">\n\t<meta name=\"twitter:data1\" content=\"1\u00a0Minute\">\n<script type=\"application\/ld+json\" class=\"yoast-schema-graph\">{\"@context\":\"https:\/\/schema.org\",\"@graph\":[{\"@type\":\"Organization\",\"@id\":\"https:\/\/buyitcarl.com\/de\/#organization\",\"name\":\"Buy It Carl Deutschland\",\"url\":\"https:\/\/buyitcarl.com\/de\/\",\"sameAs\":[],\"logo\":{\"@type\":\"ImageObject\",\"@id\":\"https:\/\/buyitcarl.com\/de\/#logo\",\"inLanguage\":\"de\",\"url\":\"https:\/\/buyitcarl.com\/de\/wp-content\/uploads\/2020\/05\/buyitcarl_deutschland.svg\",\"caption\":\"Buy It Carl Deutschland\"},\"image\":{\"@id\":\"https:\/\/buyitcarl.com\/de\/#logo\"}},{\"@type\":\"WebSite\",\"@id\":\"https:\/\/buyitcarl.com\/de\/#website\",\"url\":\"https:\/\/buyitcarl.com\/de\/\",\"name\":\"Buy It Carl Deutschland\",\"description\":\"\",\"publisher\":{\"@id\":\"https:\/\/buyitcarl.com\/de\/#organization\"},\"potentialAction\":[{\"@type\":\"SearchAction\",\"target\":\"https:\/\/buyitcarl.com\/de\/?s={search_term_string}\",\"query-input\":\"required name=search_term_string\"}],\"inLanguage\":\"de\"},{\"@type\":\"WebPage\",\"@id\":\"https:\/\/buyitcarl.com\/de\/shipping-delivery\/#webpage\",\"url\":\"https:\/\/buyitcarl.com\/de\/shipping-delivery\/\",\"name\":\"Versand & Lieferung - Buy It Carl Deutschland\",\"isPartOf\":{\"@id\":\"https:\/\/buyitcarl.com\/de\/#website\"},\"datePublished\":\"2020-01-28T15:23:53+00:00\",\"dateModified\":\"2020-01-28T15:23:53+00:00\",\"breadcrumb\":{\"@id\":\"https:\/\/buyitcarl.com\/de\/shipping-delivery\/#breadcrumb\"},\"inLanguage\":\"de\",\"potentialAction\":[{\"@type\":\"ReadAction\",\"target\":[\"https:\/\/buyitcarl.com\/de\/shipping-delivery\/\"]}]},{\"@type\":\"BreadcrumbList\",\"@id\":\"https:\/\/buyitcarl.com\/de\/shipping-delivery\/#breadcrumb\",\"itemListElement\":[{\"@type\":\"ListItem\",\"position\":1,\"item\":{\"@type\":\"WebPage\",\"@id\":\"https:\/\/buyitcarl.com\/de\/\",\"url\":\"https:\/\/buyitcarl.com\/de\/\",\"name\":\"Startseite\"}},{\"@type\":\"ListItem\",\"position\":2,\"item\":{\"@type\":\"WebPage\",\"@id\":\"https:\/\/buyitcarl.com\/de\/shipping-delivery\/\",\"url\":\"https:\/\/buyitcarl.com\/de\/shipping-delivery\/\",\"name\":\"Versand &#038; Lieferung\"}}]}]}<\/script>\n<!-- \/ Yoast SEO plugin. -->","_links":{"self":[{"href":"https:\/\/buyitcarl.com\/de\/wp-json\/wp\/v2\/pages\/1240"}],"collection":[{"href":"https:\/\/buyitcarl.com\/de\/wp-json\/wp\/v2\/pages"}],"about":[{"href":"https:\/\/buyitcarl.com\/de\/wp-json\/wp\/v2\/types\/page"}],"author":[{"embeddable":true,"href":"https:\/\/buyitcarl.com\/de\/wp-json\/wp\/v2\/users\/1"}],"replies":[{"embeddable":true,"href":"https:\/\/buyitcarl.com\/de\/wp-json\/wp\/v2\/comments?post=1240"}],"version-history":[{"count":0,"href":"https:\/\/buyitcarl.com\/de\/wp-json\/wp\/v2\/pages\/1240\/revisions"}],"wp:attachment":[{"href":"https:\/\/buyitcarl.com\/de\/wp-json\/wp\/v2\/media?parent=1240"}],"curies":[{"name":"wp","href":"https:\/\/api.w.org\/{rel}","templated":true}]}}